{"id":40,"date":"2024-08-21T18:31:52","date_gmt":"2024-08-21T18:31:52","guid":{"rendered":"https:\/\/aafaqcenter.org\/dansk\/aafaq-hjem\/"},"modified":"2024-08-21T19:18:39","modified_gmt":"2024-08-21T19:18:39","slug":"aafaq-hjem","status":"publish","type":"page","link":"https:\/\/aafaqcenter.org\/dansk\/","title":{"rendered":"AAFAQ HJEM"},"content":{"rendered":"\n    \n    <section class=\"u-clearfix u-image u-section-2\" id=\"sec-60bd\" data-image-width=\"1499\" data-image-height=\"1080\" style=\"background-image: url(&quot;https:\/\/aafaqcenter.org\/dansk\/wp-content\/uploads\/2024\/08\/classmates-friends-bag-school-educationcopy11.jpg&quot;);\">\n      <div class=\"u-clearfix u-sheet u-sheet-1\">\n        <h3 class=\"u-align-center u-text u-text-custom-color-1 u-text-default u-text-1\" data-animation-name=\"tada\" data-animation-duration=\"1000\" data-animation-delay=\"0\" data-animation-direction=\"\"> P\u00e5 vej mod en lys fremtid&nbsp;<br>med sprog og v\u00e6rdier \n        <\/h3>\n      <\/div>\n    <\/section>\n    <section class=\"u-clearfix u-container-align-center u-section-3\" id=\"sec-dd3f\">\n      <div class=\"u-clearfix u-sheet u-valign-middle-lg u-valign-middle-xl u-sheet-1\">\n        <div class=\"data-layout-selected u-clearfix u-expanded-width u-gutter-0 u-layout-wrap u-layout-wrap-1\">\n          <div class=\"u-layout\" style=\"\">\n            <div class=\"u-layout-row\" style=\"\">\n              <div class=\"u-align-left u-container-align-left u-container-align-right u-container-style u-image u-image-round u-layout-cell u-left-cell u-radius u-size-30 u-size-xs-60 u-image-1\" src=\"\" data-image-width=\"1200\" data-image-height=\"676\" data-animation-name=\"customAnimationIn\" data-animation-duration=\"1000\" data-animation-delay=\"0\" style=\"background-image: url(&quot;https:\/\/aafaqcenter.org\/dansk\/wp-content\/uploads\/2024\/08\/Hamza02.jpg&quot;);\">\n                <div class=\"u-container-layout u-container-layout-1\" src=\"\"><\/div>\n              <\/div>\n              <div class=\"u-align-left u-container-align-left u-container-align-left-lg u-container-align-left-xl u-container-style u-layout-cell u-right-cell u-size-30 u-size-xs-60 u-layout-cell-2\">\n                <div class=\"u-container-layout u-valign-bottom u-container-layout-2\">\n                  <h6 class=\"u-align-left u-custom-font u-font-montserrat u-text u-text-default u-text-1\"> L\u00e6r os lidt at kende<\/h6>\n                  <div class=\"fr-view u-clearfix u-rich-text u-text u-text-2\">\n                    <h2 style=\"direction: rtl; text-align: left;\">\n                      <span class=\"u-text-custom-color-1\" style=\"font-weight: 700;\">Dit barn er fremtiden<br>\n                      <\/span>\n                    <\/h2>\n                    <p id=\"isPasted\">Vi tilbyder et sjovt og stimulerende l\u00e6ringsmilj\u00f8, interaktive programmer, aktiviteter og spil for at forbedre sproglig forst\u00e5else og undervise i at l\u00e6se, skrive og tale flydende arabisk. Vi er stolte af et team af kvalificerede l\u00e6rere, dedikeret til at give den bedst mulige p\u00e6dagogiske oplevelse.<\/p>\n                    <p>\n                      <br>\n                    <\/p>\n                    <p>Slut dig til os nu for at give dine b\u00f8rn de n\u00f8dvendige v\u00e6rkt\u00f8jer til at tilegne sig det arabiske sprog og uddybe deres forbindelse til det.<\/p>\n                  <\/div>\n                <\/div>\n              <\/div>\n            <\/div>\n          <\/div>\n        <\/div>\n      <\/div>\n    <\/section>\n    <section class=\"u-clearfix u-container-align-center u-section-4\" id=\"carousel_178e\">\n      <div class=\"u-clearfix u-sheet u-sheet-1\">\n        <div class=\"data-layout-selected u-align-left-md u-align-left-sm u-clearfix u-expanded-width u-gutter-0 u-layout-wrap u-layout-wrap-1\">\n          <div class=\"u-layout\" style=\"\">\n            <div class=\"u-layout-row\" style=\"\">\n              <div class=\"u-align-left u-container-align-left-lg u-container-align-left-md u-container-align-left-sm u-container-align-left-xl u-container-style u-layout-cell u-right-cell u-size-30 u-size-xs-60 u-layout-cell-1\">\n                <div class=\"u-container-layout u-container-layout-1\">\n                  <h6 class=\"u-align-left u-custom-font u-font-montserrat u-text u-text-default u-text-1\"> L\u00e6r os mere at kende<\/h6>\n                  <div class=\"fr-view u-clearfix u-rich-text u-text u-text-2\">\n                    <p id=\"isPasted\" style=\"line-height: 0.8;\">\n                      <span style=\"font-weight: 700;\">\n                        <span class=\"u-text-custom-color-1\">Hurtige, smarte l\u00f8sninger&nbsp;<\/span>\n                      <\/span>\n                    <\/p>\n                    <p style=\"line-height: 0.8;\">\n                      <span style=\"font-weight: 700;\">\n                        <span class=\"u-text-custom-color-1\">og<\/span>\n                      <\/span>\n                      <span style=\"font-weight: 700;\">\n                        <span class=\"u-text-custom-color-1\">&nbsp;fornemme<\/span>&nbsp;\n                      <\/span>\n                    <\/p>\n                    <p id=\"isPasted\">Vi hj\u00e6lper med at g\u00f8re det at l\u00e6re det arabiske sprog til et uforglemmeligt eventyr for dine b\u00f8rn. Vores innovative uddannelsesprogrammer og moderne teknologier g\u00f8r det sjovt og effektivt at l\u00e6re. Vil du tilbyde dit barn muligheden for at opdage en ny verden? En unik l\u00e6ringsoplevelse, der kombinerer sjov, viden og teknologi.<\/p>\n                    <p>Vi tror p\u00e5, at alle b\u00f8rn kan l\u00e6re det arabiske sprog. Vores programmer er skr\u00e6ddersyet til at im\u00f8dekomme behovene hos studerende p\u00e5 alle niveauer.<\/p>\n                  <\/div>\n                <\/div>\n              <\/div>\n              <div class=\"u-align-left u-container-align-left u-container-style u-image u-image-round u-layout-cell u-left-cell u-radius u-size-30 u-size-xs-60 u-image-1\" src=\"\" data-image-width=\"1613\" data-image-height=\"910\" data-animation-name=\"customAnimationIn\" data-animation-duration=\"1000\" data-animation-delay=\"0\" style=\"background-image: url(&quot;https:\/\/aafaqcenter.org\/dansk\/wp-content\/uploads\/2024\/08\/Asyah01.jpg&quot;);\">\n                <div class=\"u-container-layout u-container-layout-2\" src=\"\"><\/div>\n              <\/div>\n            <\/div>\n          <\/div>\n        <\/div>\n      <\/div>\n    <\/section>\n    <section class=\"u-align-center u-clearfix u-container-align-center u-section-5\" id=\"carousel_ffd0\">\n      <div class=\"u-clearfix u-sheet u-sheet-1\">\n        <div class=\"data-layout-selected u-clearfix u-disable-padding u-expanded-width u-gutter-30 u-layout-wrap u-layout-wrap-1\">\n          <div class=\"u-layout\">\n            <div class=\"u-layout-col\">\n              <div class=\"u-size-60\">\n                <div class=\"u-layout-row\">\n                  <div class=\"u-size-20\">\n                    <div class=\"u-layout-col\">\n                      <div class=\"u-align-right u-container-align-right u-container-style u-layout-cell u-left-cell u-opacity u-opacity-95 u-palette-1-dark-1 u-size-60 u-layout-cell-1\">\n                        <div class=\"u-container-layout u-container-layout-1\">\n                          <h5 class=\"u-align-left u-custom-font u-text u-text-default u-text-1\"> Mit smukke sprog<\/h5>\n                          <h6 class=\"u-align-left u-custom-font u-text u-text-default u-text-2\">\n                            <div style=\"direction: rtl;\">\n                              <span style=\"color: inherit; font-size: 1.125rem; font-weight: 400; letter-spacing: var(--h6-letter-spacing); text-transform: var(--h6-text-transform); background-color: transparent;\"><\/span>\n                              <span style=\"color: inherit; font-size: 1.125rem; font-weight: 400; letter-spacing: var(--h6-letter-spacing); text-transform: var(--h6-text-transform); background-color: transparent;\"><\/span>\n                            <\/div>At bevare modersm\u00e5let for b\u00f8rn i et udlandsmilj\u00f8 er en stor udfordring, men vi kan overvinde det med en vis kreativitet og flid. Vi pr\u00e6senterer nogle ideer og programmer, der kan anvendes i weekendskolen for at forbedre indl\u00e6ringen af \u200b\u200bdet arabiske sprog for b\u00f8rn alderen 3 \u00e5r gennem brug af interaktive undervisningsapplikationer og spil p\u00e5 det arabiske sprog, som passer til b\u00f8rns aldre og f\u00e5r dem til at l\u00e6re p\u00e5 en forn\u00f8jelig m\u00e5de.<div style=\"direction: rtl;\">\n                              <span style=\"color: inherit; font-size: 1.125rem; font-weight: 400; letter-spacing: var(--h6-letter-spacing); text-transform: var(--h6-text-transform); background-color: transparent;\">&nbsp;<\/span>\n                            <\/div>\n                          <\/h6>\n                        <\/div>\n                      <\/div>\n                    <\/div>\n                  <\/div>\n                  <div class=\"u-size-40\">\n                    <div class=\"u-layout-col\">\n                      <div class=\"u-size-30\">\n                        <div class=\"u-layout-row\">\n                          <div class=\"u-align-left u-container-align-left u-container-style u-image u-layout-cell u-similar-fill u-size-30 u-image-1\" imgwidth=\"1732\" imgheight=\"1696\" style=\"background-image: url(&quot;https:\/\/aafaqcenter.org\/dansk\/wp-content\/uploads\/2024\/08\/blueschoolbackpackwithessentialsupplies_232148207678.jpg&quot;);\">\n                            <div class=\"u-container-layout u-container-layout-2\"><\/div>\n                          <\/div>\n                          <div class=\"u-align-left u-container-align-left u-container-style u-image u-layout-cell u-right-cell u-similar-fill u-size-30 u-image-2\" data-image-width=\"1069\" data-image-height=\"1573\" style=\"background-image: url(&quot;https:\/\/aafaqcenter.org\/dansk\/wp-content\/uploads\/2024\/08\/muslim-child-mosque-and-quran-with-teacher-for-sp-2023-11-27-05-02-23-utc.jpg&quot;);\">\n                            <div class=\"u-container-layout u-container-layout-3\"><\/div>\n                          <\/div>\n                        <\/div>\n                      <\/div>\n                      <div class=\"u-size-30\">\n                        <div class=\"u-layout-row\">\n                          <div class=\"u-container-style u-layout-cell u-shape-rectangle u-similar-fill u-size-30 u-layout-cell-4\">\n                            <div class=\"u-container-layout u-valign-middle u-container-layout-4\">\n                              <h1 class=\"u-align-center u-custom-font u-font-montserrat u-text u-text-custom-color-1 u-text-3\"> L\u00e6ring er n\u00f8glen til succes<\/h1>\n                            <\/div>\n                          <\/div>\n                          <div class=\"u-align-left u-container-align-left u-container-style u-image u-layout-cell u-right-cell u-size-30 u-image-3\" imgwidth=\"700\" imgheight=\"546\" style=\"background-image: url(&quot;https:\/\/aafaqcenter.org\/dansk\/wp-content\/uploads\/2024\/08\/f2b45624-c8f6-3aa0-0ee4-58adda3c89b0.jpg&quot;);\">\n                            <div class=\"u-container-layout u-container-layout-5\"><\/div>\n                          <\/div>\n                        <\/div>\n                      <\/div>\n                    <\/div>\n                  <\/div>\n                <\/div>\n              <\/div>\n            <\/div>\n          <\/div>\n        <\/div>\n      <\/div>\n    <\/section>\n    <section class=\"u-carousel u-slide u-valign-middle u-block-b9b2-1\" id=\"carousel-5e9f\" data-image-width=\"1980\" data-image-height=\"1321\" data-interval=\"5000\" data-u-ride=\"carousel\">\n      <ol class=\"u-absolute-hcenter u-carousel-indicators u-block-b9b2-2\">\n        <li data-u-target=\"#carousel-5e9f\" class=\"u-active u-grey-30\" data-u-slide-to=\"0\"><\/li>\n      <\/ol>\n      <div class=\"u-carousel-inner\" role=\"listbox\">\n        <div class=\"skrollable u-active u-carousel-item u-clearfix u-image u-parallax u-shading u-uploaded-video u-section-6-1\" data-image-width=\"1980\" data-image-height=\"1321\" style=\"background-image: linear-gradient(0deg, rgba(0, 0, 0, 0.4), rgba(0, 0, 0, 0.4)), url(&quot;https:\/\/aafaqcenter.org\/dansk\/wp-content\/uploads\/2024\/08\/digital-tablet-screen-with-smart-home-controller-wooden-table5.jpg&quot;);\">\n          <div class=\"u-clearfix u-sheet u-sheet-1\">\n            <h2 class=\"u-align-center u-text u-text-default u-text-1\" data-animation-name=\"customAnimationIn\" data-animation-duration=\"1500\" data-animation-delay=\"0\"> Vores b\u00f8rn har en lys fremtid<\/h2>\n            <div class=\"fr-view u-clearfix u-rich-text u-text u-text-2\">\n              <p id=\"isPasted\">Invester i dine b\u00f8rns fremtid Invester i fremtiden At bygge generationer er at bygge nationer.<\/p>\n              <p>Vores b\u00f8rn er morgendagens h\u00e5b, og vi skal indprente dem v\u00e6rdierne og moralen, s\u00e5 de bliver morgendagens ledere.<\/p>\n              <p>Bidrag med os til at opbygge deres lyse fremtid, og invester i deres sind, for at opn\u00e5 et bedre og sikrere samfund.<\/p>\n              <p>At opdrage b\u00f8rn er en investering, der ikke kan tabes. Vores fremtid er i deres h\u00e6nder, lad os hj\u00e6lpe dem med at vokse og trives.<\/p>\n            <\/div>\n          <\/div>\n        <\/div>\n      <\/div>\n      <a class=\"u-absolute-vcenter u-carousel-control u-carousel-control-prev u-text-grey-30 u-block-b9b2-3\" href=\"#carousel-5e9f\" role=\"button\" data-u-slide=\"prev\">\n        <span aria-hidden=\"true\">\n          <svg class=\"u-svg-link\" viewBox=\"0 0 477.175 477.175\"><path d=\"M145.188,238.575l215.5-215.5c5.3-5.3,5.3-13.8,0-19.1s-13.8-5.3-19.1,0l-225.1,225.1c-5.3,5.3-5.3,13.8,0,19.1l225.1,225\n                    c2.6,2.6,6.1,4,9.5,4s6.9-1.3,9.5-4c5.3-5.3,5.3-13.8,0-19.1L145.188,238.575z\"><\/path><\/svg>\n        <\/span>\n        <span class=\"sr-only\">Previous<\/span>\n      <\/a>\n      <a class=\"u-absolute-vcenter u-carousel-control u-carousel-control-next u-text-grey-30 u-block-b9b2-4\" href=\"#carousel-5e9f\" role=\"button\" data-u-slide=\"next\">\n        <span aria-hidden=\"true\">\n          <svg class=\"u-svg-link\" viewBox=\"0 0 477.175 477.175\"><path d=\"M360.731,229.075l-225.1-225.1c-5.3-5.3-13.8-5.3-19.1,0s-5.3,13.8,0,19.1l215.5,215.5l-215.5,215.5\n                    c-5.3,5.3-5.3,13.8,0,19.1c2.6,2.6,6.1,4,9.5,4c3.4,0,6.9-1.3,9.5-4l225.1-225.1C365.931,242.875,365.931,234.275,360.731,229.075z\"><\/path><\/svg>\n        <\/span>\n        <span class=\"sr-only\">Next<\/span>\n      <\/a>\n    <\/section>\n    <section class=\"u-clearfix u-container-align-left-lg u-container-align-left-md u-container-align-left-xl u-image u-section-7\" id=\"carousel_373a\" data-image-width=\"2000\" data-image-height=\"1061\" style=\"background-image: url(&quot;https:\/\/aafaqcenter.org\/dansk\/wp-content\/uploads\/2024\/08\/little-girl-megaphone-positive-shootcopy.jpg&quot;);\">\n      <div class=\"u-clearfix u-sheet u-sheet-1\">\n        <div class=\"u-align-left u-form u-form-1\">\n          <form action=\"https:\/\/forms.nicepagesrv.com\/v2\/form\/process\" class=\"u-clearfix u-form-spacing-18 u-form-vertical u-inner-form\" style=\"padding: 0px;\" source=\"email\" name=\"form\">\n            <h2 class=\"u-align-left u-custom-font u-font-montserrat u-form-group u-form-text u-text u-text-1\"> Slip en linje<\/h2>\n            <div class=\"u-form-email u-form-group\">\n              <label for=\"email-319a\" class=\"u-label u-label-1\">Email<\/label>\n              <input type=\"email\" placeholder=\"Indtast en gyldig e-mailadresse\" id=\"email-319a\" name=\"email\" class=\"u-grey-5 u-input u-input-rectangle u-radius-5 u-input-1\" required=\"\">\n            <\/div>\n            <div class=\"u-form-group u-form-name\">\n              <label for=\"name-319a\" class=\"u-label u-label-2\">Navn<\/label>\n              <input type=\"text\" placeholder=\"Indtast dit navn\" id=\"name-319a\" name=\"Navn\" class=\"u-grey-5 u-input u-input-rectangle u-radius-5 u-input-2\" required=\"\">\n            <\/div>\n            <div class=\"u-form-address u-form-group u-form-group-4\">\n              <label for=\"address-452f\" class=\"u-label u-label-3\">Telefon<\/label>\n              <input type=\"text\" placeholder=\"Indtast her\" id=\"address-452f\" name=\"Phone\" class=\"u-grey-5 u-input u-input-rectangle u-radius-5 u-input-3\" required=\"\">\n            <\/div>\n            <div class=\"u-form-group u-form-message\">\n              <label for=\"message-319a\" class=\"u-label u-label-4\">Besked<\/label>\n              <textarea placeholder=\"\u200b\" rows=\"4\" cols=\"50\" id=\"message-319a\" name=\"message\" class=\"u-grey-5 u-input u-input-rectangle u-radius-5 u-input-4\" required=\"\"><\/textarea>\n            <\/div>\n            <div class=\"u-align-center-sm u-align-center-xs u-align-left-lg u-align-left-md u-align-left-xl u-form-group u-form-submit\">\n              <a href=\"#\" class=\"u-active-palette-2-base u-border-none u-btn u-btn-round u-btn-submit u-button-style u-hover-palette-2-base u-palette-4-base u-radius-50 u-btn-1\">Submit<\/a>\n              <input type=\"submit\" value=\"submit\" class=\"u-form-control-hidden\">\n            <\/div>\n            <div class=\"u-form-send-message u-form-send-success\">Thank you! Your message has been sent.\n\u0634\u0643\u0631\u0627 \u0644\u0643! \u0644\u0642\u062f \u062a\u0645 \u0625\u0631\u0633\u0627\u0644 \u0631\u0633\u0627\u0644\u062a\u0643.<\/div>\n            <div class=\"u-form-send-error u-form-send-message\">Unable to send your message. Please fix errors then try again.\n\u062a\u0639\u0630\u0631 \u0625\u0631\u0633\u0627\u0644 \u0631\u0633\u0627\u0644\u062a\u0643. \u064a\u0631\u062c\u0649 \u0625\u0635\u0644\u0627\u062d \u0627\u0644\u0623\u062e\u0637\u0627\u0621 \u062b\u0645 \u0627\u0644\u0645\u062d\u0627\u0648\u0644\u0629 \u0645\u0631\u0629 \u0623\u062e\u0631\u0649.<\/div>\n            <input type=\"hidden\" value=\"\" name=\"recaptchaResponse\">\n            <input type=\"hidden\" name=\"formServices\" value=\"682b9aee-5c51-44bc-736b-4ae93de7844a\">\n          <\/form>\n        <\/div>\n      <\/div>\n    <\/section>\n    <section class=\"u-clearfix u-image u-shading u-section-8\" src=\"\" data-image-width=\"1280\" data-image-height=\"853\" id=\"sec-b570\" style=\"background-image: linear-gradient(0deg, rgba(0, 0, 0, 0.1), rgba(0, 0, 0, 0.1)), url(&quot;https:\/\/aafaqcenter.org\/dansk\/wp-content\/uploads\/2024\/08\/2cf195fff8604ea0d546dfa3779a2c7b5587bdf41493d9d5763df5f0c4787bfffaa820362e4422cb4a01c9c5b37766896680f1b8ec0d8eb7cb029a_1280.jpg&quot;);\">\n      <div class=\"u-clearfix u-sheet u-sheet-1\">\n        <div class=\"u-align-center u-container-align-center u-container-style u-group u-opacity u-opacity-70 u-white u-group-1\">\n          <div class=\"u-container-layout u-container-layout-1\">\n            <h3 class=\"u-align-center u-text u-text-1\"> S\u00f8g om tilmelding i Aafaq-centret<\/h3>\n            <p class=\"u-align-center u-text u-text-2\">Aarhus \/ DK <\/p>\n            <a href=\"#\" class=\"u-active-none u-align-center u-border-2 u-border-active-palette-1-light-2 u-border-hover-palette-1-light-2 u-border-no-left u-border-no-right u-border-no-top u-btn u-button-style u-hover-none u-none u-text-active-palette-1-light-2 u-text-hover-palette-1-light-2 u-btn-1\">0045 53875353 <\/a>\n            <a href=\"mailto:hi@ourcompany.com\" class=\"u-active-none u-align-center u-border-2 u-border-active-palette-1-light-2 u-border-hover-palette-1-light-2 u-border-no-left u-border-no-right u-border-no-top u-btn u-button-style u-hover-none u-none u-text-active-palette-1-light-2 u-text-hover-palette-1-light-2 u-text-palette-1-base u-btn-2\"> afaqcenterdk@gmail.com<\/a>\n            <div class=\"u-form u-form-1\">\n              <form action=\"https:\/\/forms.nicepagesrv.com\/v2\/form\/process\" class=\"u-clearfix u-form-spacing-10 u-form-vertical u-inner-form\" source=\"email\" name=\"form-1\" style=\"padding: 10px;\">\n                <div class=\"u-form-group u-form-name\">\n                  <label for=\"name-74d5\" class=\"u-label\">Navn<\/label>\n                  <input type=\"text\" placeholder=\"Indtast dit navn\" id=\"name-74d5\" name=\"Navn\" class=\"u-input u-input-rectangle\" required=\"\">\n                <\/div>\n                <div class=\"u-form-email u-form-group\">\n                  <label for=\"email-74d5\" class=\"u-label\">Email<\/label>\n                  <input type=\"email\" placeholder=\"Indtast en gyldig e-mailadresse\" id=\"email-74d5\" name=\"email\" class=\"u-input u-input-rectangle\" required=\"\">\n                <\/div>\n                <div class=\"u-form-group u-form-phone u-form-group-3\">\n                  <label for=\"phone-dd8f\" class=\"u-label\">Telefon<\/label>\n                  <input type=\"tel\" pattern=\"+?d{0,3}[s(-]?([0-9]{2,3})[s)-]?([s-]?)([0-9]{3})[s-]?([0-9]{2})[s-]?([0-9]{2})\" placeholder=\"Indtast din telefon\" id=\"phone-dd8f\" name=\"telefon\" class=\"u-input u-input-rectangle\" required=\"\">\n                <\/div>\n                <p class=\"u-align-center u-form-group u-form-text u-text u-text-3\"><\/p>\n                <div style=\"direction: rtl;\">\n                  <span style=\"font-size: 1.125rem; background-color: transparent; color: #111111; font-family: 'Open Sans',sans-serif;\">\u0623\u0633\u0645\u0627\u0621 \u0627\u0644\u0637\u0644\u0627\u0628 \u0627\u0644\u0631\u0627\u063a\u0628\u064a\u0646 \u0628\u0627\u0644\u062a\u0633\u062c\u064a\u0644: The names of the students who want to register<\/span>\n                <\/div>\n                <p><\/p>\n                <div class=\"u-form-group u-form-partition-factor-2 u-form-group-5\">\n                  <label for=\"text-59bc\" class=\"u-label\">F\u00f8rste barn<\/label>\n                  <input type=\"text\" placeholder=\"Indtast elevens navn her\" id=\"text-59bc\" name=\"2\" class=\"u-input u-input-rectangle\">\n                <\/div>\n                <div class=\"u-form-date u-form-group u-form-partition-factor-2 u-form-group-6\">\n                  <label for=\"date-6262\" class=\"u-label\">F\u00f8dselsdag<\/label>\n                  <input type=\"text\" placeholder=\"DD\/MM\/YYYY\" id=\"date-6262\" name=\"1\" class=\"u-input u-input-rectangle\" data-date-format=\"dd\/mm\/yyyy\">\n                <\/div>\n                <div class=\"u-form-group u-form-partition-factor-2 u-form-group-7\">\n                  <label for=\"text-91d7\" class=\"u-label\">Andet barn<\/label>\n                  <input type=\"text\" placeholder=\"\u0627\u062f\u062e\u0644 \u0627\u0633\u0645 \u0627\u0644\u0637\u0627\u0644\u0628 \u0647\u0646\u0627\" id=\"text-91d7\" name=\"\u0637\u0627\u0644\u0628 2\" class=\"u-input u-input-rectangle\">\n                <\/div>\n                <div class=\"u-form-date u-form-group u-form-partition-factor-2 u-form-group-8\">\n                  <label for=\"date-6c5e\" class=\"u-label\">F\u00f8dselsdag<\/label>\n                  <input type=\"text\" placeholder=\"DD\/MM\/YYYY\" id=\"date-6c5e\" name=\"5\" class=\"u-input u-input-rectangle\" data-date-format=\"dd\/mm\/yyyy\">\n                <\/div>\n                <div class=\"u-form-group u-form-partition-factor-2 u-form-group-9\">\n                  <label for=\"text-2a88\" class=\"u-label\">Tredje barn<\/label>\n                  <input type=\"text\" placeholder=\"Indtast elevens navn her\" id=\"text-2a88\" name=\"6\" class=\"u-input u-input-rectangle\">\n                <\/div>\n                <div class=\"u-form-date u-form-group u-form-partition-factor-2 u-form-group-10\">\n                  <label for=\"date-3801\" class=\"u-label\">F\u00f8dselsdag<\/label>\n                  <input type=\"text\" placeholder=\"DD\/MM\/YYYY\" id=\"date-3801\" name=\"3\" class=\"u-input u-input-rectangle\" data-date-format=\"dd\/mm\/yyyy\">\n                <\/div>\n                <div class=\"u-form-group u-form-partition-factor-2 u-form-group-11\">\n                  <label for=\"text-d55b\" class=\"u-label\">Fjerde barn<\/label>\n                  <input type=\"text\" id=\"text-d55b\" name=\"7\" class=\"u-input u-input-rectangle\" placeholder=\"\u0627Indtast elevens navn her\">\n                <\/div>\n                <div class=\"u-form-date u-form-group u-form-partition-factor-2 u-form-group-12\">\n                  <label for=\"date-021b\" class=\"u-label\">F\u00f8dselsdag<\/label>\n                  <input type=\"text\" placeholder=\"DD\/MM\/YYYY\" id=\"date-021b\" name=\"4\" class=\"u-input u-input-rectangle\" data-date-format=\"dd\/mm\/yyyy\">\n                <\/div>\n                <div class=\"u-form-group u-form-message\">\n                  <label for=\"message-74d5\" class=\"u-label\">Besked<\/label>\n                  <textarea placeholder=\"\u200b\" rows=\"4\" cols=\"50\" id=\"message-74d5\" name=\"message\" class=\"u-input u-input-rectangle\"><\/textarea>\n                <\/div>\n                <div class=\"u-align-left u-form-group u-form-submit\">\n                  <a href=\"#\" class=\"u-btn u-btn-submit u-button-style u-btn-3\"> Indsend<\/a>\n                  <input type=\"submit\" value=\"submit\" class=\"u-form-control-hidden\">\n                <\/div>\n                <div class=\"u-form-send-message u-form-send-success\"> Thank you! Your message has been sent. <\/div>\n                <div class=\"u-form-send-error u-form-send-message\"> Unable to send your message. Please fix errors then try again. <\/div>\n                <input type=\"hidden\" value=\"\" name=\"recaptchaResponse\">\n                <input type=\"hidden\" name=\"formServices\" value=\"682b9aee-5c51-44bc-736b-4ae93de7844a\">\n              <\/form>\n            <\/div>\n          <\/div>\n        <\/div>\n      <\/div>\n    <\/section>\n    \n    \n    \n    \n  \n","protected":false},"excerpt":{"rendered":"<p>P\u00e5 vej mod en lys fremtid&nbsp;med sprog og v\u00e6rdier L\u00e6r os lidt at kende Dit barn er fremtiden Vi tilbyder et sjovt og stimulerende l\u00e6ringsmilj\u00f8, interaktive programmer, aktiviteter og spil for at forbedre sproglig forst\u00e5else og undervise i at l\u00e6se, skrive og tale flydende arabisk. Vi er stolte af et team af kvalificerede l\u00e6rere, dedikeret &hellip; <a href=\"https:\/\/aafaqcenter.org\/dansk\/\" class=\"more-link\">Continue reading<span class=\"screen-reader-text\"> &#8220;AAFAQ HJEM&#8221;<\/span><\/a><\/p>\n","protected":false},"author":1,"featured_media":0,"parent":0,"menu_order":3,"comment_status":"closed","ping_status":"closed","template":"","meta":{"footnotes":""},"class_list":["post-40","page","type-page","status-publish","hentry"],"_links":{"self":[{"href":"https:\/\/aafaqcenter.org\/dansk\/wp-json\/wp\/v2\/pages\/40","targetHints":{"allow":["GET"]}}],"collection":[{"href":"https:\/\/aafaqcenter.org\/dansk\/wp-json\/wp\/v2\/pages"}],"about":[{"href":"https:\/\/aafaqcenter.org\/dansk\/wp-json\/wp\/v2\/types\/page"}],"author":[{"embeddable":true,"href":"https:\/\/aafaqcenter.org\/dansk\/wp-json\/wp\/v2\/users\/1"}],"replies":[{"embeddable":true,"href":"https:\/\/aafaqcenter.org\/dansk\/wp-json\/wp\/v2\/comments?post=40"}],"version-history":[{"count":4,"href":"https:\/\/aafaqcenter.org\/dansk\/wp-json\/wp\/v2\/pages\/40\/revisions"}],"predecessor-version":[{"id":67,"href":"https:\/\/aafaqcenter.org\/dansk\/wp-json\/wp\/v2\/pages\/40\/revisions\/67"}],"wp:attachment":[{"href":"https:\/\/aafaqcenter.org\/dansk\/wp-json\/wp\/v2\/media?parent=40"}],"curies":[{"name":"wp","href":"https:\/\/api.w.org\/{rel}","templated":true}]}}