{"id":38,"date":"2024-08-21T18:31:50","date_gmt":"2024-08-21T18:31:50","guid":{"rendered":"https:\/\/aafaqcenter.org\/dansk\/om-os\/"},"modified":"2024-08-21T18:31:54","modified_gmt":"2024-08-21T18:31:54","slug":"om-os","status":"publish","type":"page","link":"https:\/\/aafaqcenter.org\/dansk\/om-os\/","title":{"rendered":"OM OS"},"content":{"rendered":"\n  \n    <section class=\"u-clearfix u-white u-section-1\" id=\"carousel_6d81\">\n      <div class=\"u-clearfix u-sheet u-valign-middle-sm u-sheet-1\">\n        <div class=\"data-layout-selected u-clearfix u-expanded-width u-layout-wrap u-layout-wrap-1\">\n          <div class=\"u-layout\">\n            <div class=\"u-layout-row\">\n              <div class=\"u-container-style u-layout-cell u-size-38 u-layout-cell-1\">\n                <div class=\"u-container-layout u-valign-middle-lg u-valign-middle-md u-valign-middle-sm u-valign-middle-xl u-container-layout-1\"><span class=\"u-align-left u-file-icon u-icon u-text-palette-1-light-3 u-icon-1\" data-animation-name=\"customAnimationIn\" data-animation-duration=\"2000\" data-animation-delay=\"0\"><img decoding=\"async\" src=\"https:\/\/aafaqcenter.org\/dansk\/wp-content\/uploads\/2024\/08\/963012ae.png\" alt=\"\"><\/span>\n                  <h2 class=\"u-align-left u-text u-text-1\">OM OS <\/h2>\n                  <p class=\"u-align-left u-text u-text-2\"> Afaq Center er et omfattende kultur- og uddannelsescenter, hvorfra Afaq Skole forgrener sig for at undervise i arabisk til b\u00f8rn og voksne i weekenden. Centret udf\u00f8rer kulturelle, uddannelsesm\u00e6ssige og samfundsm\u00e6ssige aktiviteter, der passer til den virkelighed, vi lever i, og hj\u00e6lper generationer til at have en positiv og effektiv rolle og v\u00e6re modige, moralske og h\u00f8jt motiverede. Afaq Center og Skole tilbyder ogs\u00e5 innovative uddannelsesprogrammer, is\u00e6r for vores elskede b\u00f8rn fra 3 til 15 \u00e5r. Vi er afh\u00e6ngige af de nyeste smarte uddannelsesteknologier og h\u00f8j ekspertise for at sikre en interaktiv og effektiv uddannelsesoplevelse baseret p\u00e5 et professionelt og kvalificeret p\u00e6dagogisk personale.<br>Afaq Center s\u00f8ger ogs\u00e5 at opn\u00e5 de h\u00f8jeste standarder for uddannelse og opdragelse. Vi hos Afaq er forpligtet til at udvikle medlemmernes arabiske sprogkundskaber og styrke deres moralske og sociale v\u00e6rdier.<br>\n                  <\/p>\n                <\/div>\n              <\/div>\n              <div class=\"u-container-style u-layout-cell u-size-22 u-layout-cell-2\">\n                <div class=\"u-container-layout u-container-layout-2\">\n                  <img decoding=\"async\" class=\"u-expanded-width u-image u-image-default u-image-1\" src=\"https:\/\/aafaqcenter.org\/dansk\/wp-content\/uploads\/2024\/08\/f2b45624-c8f6-3aa0-0ee4-58adda3c89b0-23.jpg\" alt=\"\" data-image-width=\"700\" data-image-height=\"624\" data-animation-name=\"customAnimationIn\" data-animation-duration=\"2000\" data-animation-delay=\"0\">\n                  <div alt=\"\" class=\"u-image u-image-circle u-image-2\" src=\"\" data-image-width=\"1920\" data-image-height=\"1825\" data-animation-name=\"bounceIn\" data-animation-duration=\"1000\" data-animation-delay=\"0\" data-animation-direction=\"\" style=\"background-image: url(&quot;https:\/\/aafaqcenter.org\/dansk\/wp-content\/uploads\/2024\/08\/Afaq-logo-V2-facebook.png&quot;);\"><\/div>\n                <\/div>\n              <\/div>\n            <\/div>\n          <\/div>\n        <\/div>\n      <\/div>\n    <\/section>\n    \n    \n    \n    \n    \n  \n","protected":false},"excerpt":{"rendered":"<p>OM OS Afaq Center er et omfattende kultur- og uddannelsescenter, hvorfra Afaq Skole forgrener sig for at undervise i arabisk til b\u00f8rn og voksne i weekenden. Centret udf\u00f8rer kulturelle, uddannelsesm\u00e6ssige og samfundsm\u00e6ssige aktiviteter, der passer til den virkelighed, vi lever i, og hj\u00e6lper generationer til at have en positiv og effektiv rolle og v\u00e6re modige, &hellip; <a href=\"https:\/\/aafaqcenter.org\/dansk\/om-os\/\" class=\"more-link\">Continue reading<span class=\"screen-reader-text\"> &#8220;OM OS&#8221;<\/span><\/a><\/p>\n","protected":false},"author":1,"featured_media":0,"parent":0,"menu_order":1,"comment_status":"closed","ping_status":"closed","template":"","meta":{"footnotes":""},"class_list":["post-38","page","type-page","status-publish","hentry"],"_links":{"self":[{"href":"https:\/\/aafaqcenter.org\/dansk\/wp-json\/wp\/v2\/pages\/38","targetHints":{"allow":["GET"]}}],"collection":[{"href":"https:\/\/aafaqcenter.org\/dansk\/wp-json\/wp\/v2\/pages"}],"about":[{"href":"https:\/\/aafaqcenter.org\/dansk\/wp-json\/wp\/v2\/types\/page"}],"author":[{"embeddable":true,"href":"https:\/\/aafaqcenter.org\/dansk\/wp-json\/wp\/v2\/users\/1"}],"replies":[{"embeddable":true,"href":"https:\/\/aafaqcenter.org\/dansk\/wp-json\/wp\/v2\/comments?post=38"}],"version-history":[{"count":1,"href":"https:\/\/aafaqcenter.org\/dansk\/wp-json\/wp\/v2\/pages\/38\/revisions"}],"predecessor-version":[{"id":48,"href":"https:\/\/aafaqcenter.org\/dansk\/wp-json\/wp\/v2\/pages\/38\/revisions\/48"}],"wp:attachment":[{"href":"https:\/\/aafaqcenter.org\/dansk\/wp-json\/wp\/v2\/media?parent=38"}],"curies":[{"name":"wp","href":"https:\/\/api.w.org\/{rel}","templated":true}]}}